{"id":12,"date":"2023-09-22T21:18:54","date_gmt":"2023-09-22T19:18:54","guid":{"rendered":"https:\/\/latinoroad.be\/?page_id=12"},"modified":"2024-01-13T18:09:16","modified_gmt":"2024-01-13T17:09:16","slug":"notre-club","status":"publish","type":"page","link":"https:\/\/latinoroad.be\/index.php\/notre-club\/","title":{"rendered":"Notre club"},"content":{"rendered":"\n<figure class=\"wp-block-image size-large\"><img loading=\"lazy\" decoding=\"async\" width=\"1024\" height=\"768\" src=\"https:\/\/latinoroad.be\/wp-content\/uploads\/2023\/12\/WhatsApp-Image-2023-09-09-a-10.01.49_ded23545-1024x768.jpg\" alt=\"\" class=\"wp-image-62\" srcset=\"https:\/\/latinoroad.be\/wp-content\/uploads\/2023\/12\/WhatsApp-Image-2023-09-09-a-10.01.49_ded23545-1024x768.jpg 1024w, https:\/\/latinoroad.be\/wp-content\/uploads\/2023\/12\/WhatsApp-Image-2023-09-09-a-10.01.49_ded23545-300x225.jpg 300w, https:\/\/latinoroad.be\/wp-content\/uploads\/2023\/12\/WhatsApp-Image-2023-09-09-a-10.01.49_ded23545-768x576.jpg 768w, https:\/\/latinoroad.be\/wp-content\/uploads\/2023\/12\/WhatsApp-Image-2023-09-09-a-10.01.49_ded23545-1536x1152.jpg 1536w, https:\/\/latinoroad.be\/wp-content\/uploads\/2023\/12\/WhatsApp-Image-2023-09-09-a-10.01.49_ded23545.jpg 2016w\" sizes=\"auto, (max-width: 1024px) 100vw, 1024px\" \/><\/figure>\n\n\n\n<p>Notre club est compos\u00e9 de 50 membres. Nos affili\u00e9s sont essentiellement actifs en VTT, n\u00e9anmoins des groupes de marcheurs ou de cyclisme sur route peuvent se constituer selon les occasions. Notre club situ\u00e9 en Wallonie Picarde est actif g\u00e9n\u00e9ralement dans cette r\u00e9gion mais nos membres roulent volontiers plus loin.<\/p>\n","protected":false},"excerpt":{"rendered":"<p>Notre club est compos\u00e9 de 50 membres. Nos affili\u00e9s sont essentiellement actifs en VTT, n\u00e9anmoins des groupes de marcheurs ou de cyclisme sur route peuvent se constituer selon les occasions. Notre club situ\u00e9 en Wallonie Picarde est actif g\u00e9n\u00e9ralement dans cette r\u00e9gion mais nos membres roulent volontiers plus loin.<\/p>\n","protected":false},"author":1,"featured_media":0,"parent":0,"menu_order":2,"comment_status":"closed","ping_status":"closed","template":"","meta":{"_themeisle_gutenberg_block_has_review":false,"footnotes":""},"class_list":["post-12","page","type-page","status-publish","hentry"],"_links":{"self":[{"href":"https:\/\/latinoroad.be\/index.php\/wp-json\/wp\/v2\/pages\/12","targetHints":{"allow":["GET"]}}],"collection":[{"href":"https:\/\/latinoroad.be\/index.php\/wp-json\/wp\/v2\/pages"}],"about":[{"href":"https:\/\/latinoroad.be\/index.php\/wp-json\/wp\/v2\/types\/page"}],"author":[{"embeddable":true,"href":"https:\/\/latinoroad.be\/index.php\/wp-json\/wp\/v2\/users\/1"}],"replies":[{"embeddable":true,"href":"https:\/\/latinoroad.be\/index.php\/wp-json\/wp\/v2\/comments?post=12"}],"version-history":[{"count":3,"href":"https:\/\/latinoroad.be\/index.php\/wp-json\/wp\/v2\/pages\/12\/revisions"}],"predecessor-version":[{"id":78,"href":"https:\/\/latinoroad.be\/index.php\/wp-json\/wp\/v2\/pages\/12\/revisions\/78"}],"wp:attachment":[{"href":"https:\/\/latinoroad.be\/index.php\/wp-json\/wp\/v2\/media?parent=12"}],"curies":[{"name":"wp","href":"https:\/\/api.w.org\/{rel}","templated":true}]}}