{"id":49,"date":"2023-12-10T19:30:59","date_gmt":"2023-12-10T18:30:59","guid":{"rendered":"https:\/\/latinoroad.be\/?page_id=49"},"modified":"2026-02-16T21:37:19","modified_gmt":"2026-02-16T20:37:19","slug":"contacter-nous","status":"publish","type":"page","link":"https:\/\/latinoroad.be\/index.php\/contacter-nous\/","title":{"rendered":"Contacter nous"},"content":{"rendered":"\n<figure class=\"wp-block-image aligncenter wp-duotone-grayscale\"><img loading=\"lazy\" decoding=\"async\" width=\"2048\" height=\"1151\" src=\"https:\/\/latinoroad.be\/wp-content\/uploads\/2023\/12\/image.webp\" alt=\"\" class=\"wp-image-51\" srcset=\"https:\/\/latinoroad.be\/wp-content\/uploads\/2023\/12\/image.webp 2048w, https:\/\/latinoroad.be\/wp-content\/uploads\/2023\/12\/image-300x169.webp 300w, https:\/\/latinoroad.be\/wp-content\/uploads\/2023\/12\/image-1024x576.webp 1024w, https:\/\/latinoroad.be\/wp-content\/uploads\/2023\/12\/image-768x432.webp 768w, https:\/\/latinoroad.be\/wp-content\/uploads\/2023\/12\/image-1536x863.webp 1536w\" sizes=\"auto, (max-width: 2048px) 100vw, 2048px\" \/><\/figure>\n\n\n\n<p>Envie de nous rejoindre pour rouler ou marcher ensemble? Il suffit de t\u00e9l\u00e9charger et compl\u00e9ter le bulletin d&rsquo;affiliation ci-dessous. Tu nous le retourne ensuite par e-mail \u00e0 l&rsquo;adresse : <a href=\"mailto:secretariat@latinoroad.be\" target=\"_blank\" rel=\"noreferrer noopener\">secretariat@latinoroad.be<\/a> . Notre comit\u00e9 reprendra contact avec toi dans les meilleurs d\u00e9lais apr\u00e8s r\u00e9ception de ta demande d&rsquo;affiliation.<\/p>\n\n\n\n<div data-wp-interactive=\"core\/file\" class=\"wp-block-file aligncenter\"><object data-wp-bind--hidden=\"!state.hasPdfPreview\" hidden class=\"wp-block-file__embed\" data=\"https:\/\/latinoroad.be\/wp-content\/uploads\/2026\/02\/Affiliation-2026-Latino-Road-1.pdf\" type=\"application\/pdf\" style=\"width:100%;height:600px\" aria-label=\"Contenu embarqu\u00e9 Affiliation 2026 Latino Road.\"><\/object><a id=\"wp-block-file--media-6292eacc-5cb9-4857-834b-7ee02cf8f801\" href=\"https:\/\/latinoroad.be\/wp-content\/uploads\/2026\/02\/Affiliation-2026-Latino-Road-1.pdf\">Affiliation 2026 Latino Road<\/a><a href=\"https:\/\/latinoroad.be\/wp-content\/uploads\/2026\/02\/Affiliation-2026-Latino-Road-1.pdf\" class=\"wp-block-file__button wp-element-button\" download aria-describedby=\"wp-block-file--media-6292eacc-5cb9-4857-834b-7ee02cf8f801\">T\u00e9l\u00e9charger<\/a><\/div>\n\n\n\n\n\n<p>Tu as d&rsquo;autres questions par rapport aux activit\u00e9s de notre club. Compl\u00e8te le formulaire ci-dessous pour nous envoyer ta demande.<\/p>\n\n\n\n<h2 class=\"wp-block-heading\"><strong><span class=\"highlight\"><mark style=\"background-color:rgba(0, 0, 0, 0)\" class=\"has-inline-color has-raft-accent-color\">Formulaire de contact<\/mark><\/span><\/strong><\/h2>\n\n\n\n<div id=\"wp-block-themeisle-blocks-form-8c9a81d7\" class=\"wp-block-themeisle-blocks-form\" data-option-name=\"bf9b28ff82ce323187abc5d0feb0d8f07ecd8436_8c9a81d7\"><form class=\"otter-form__container\">\n<div id=\"wp-block-themeisle-blocks-form-input-a81c012d\" class=\"wp-block-themeisle-blocks-form-input\"><label for=\"wp-block-themeisle-blocks-form-input-a81c012d-input\" class=\"otter-form-input-label\"><span class=\"otter-form-input-label__label\">Votre nom :<\/span><span class=\"required\">*<\/span><\/label><input type=\"text\" id=\"wp-block-themeisle-blocks-form-input-a81c012d-input\" required class=\"otter-form-input\"\/><\/div>\n\n\n\n<div id=\"wp-block-themeisle-blocks-form-input-2a6dad43\" class=\"wp-block-themeisle-blocks-form-input\"><label for=\"wp-block-themeisle-blocks-form-input-2a6dad43-input\" class=\"otter-form-input-label\"><span class=\"otter-form-input-label__label\">Votre Email :<\/span><span class=\"required\">*<\/span><\/label><input type=\"email\" id=\"wp-block-themeisle-blocks-form-input-2a6dad43-input\" required class=\"otter-form-input\"\/><\/div>\n\n\n<div class=\"protection\" aria-hidden=\"true\"><input type=\"hidden\" id=\"wp-block-themeisle-blocks-form-8c9a81d7_nonce_field\" name=\"wp-block-themeisle-blocks-form-8c9a81d7_nonce_field\" value=\"f9454215b5\" \/><input type=\"hidden\" name=\"_wp_http_referer\" value=\"\/index.php\/wp-json\/wp\/v2\/pages\/49\" \/><input class=\"o-anti-bot\" type=\"checkbox\"><\/div>\n\n\n<div id=\"wp-block-themeisle-blocks-form-textarea-bd7a831c\" class=\"wp-block-themeisle-blocks-form-textarea\"><label for=\"wp-block-themeisle-blocks-form-textarea-bd7a831c-input\" class=\"otter-form-textarea-label\"><span class=\"otter-form-textarea-label__label\">Votre message :<\/span><\/label><textarea id=\"wp-block-themeisle-blocks-form-textarea-bd7a831c-input\" rows=\"10\" class=\"otter-form-textarea-input\"><\/textarea><\/div>\n<div class=\"wp-block-button\"><button class=\"wp-block-button__link\" type=\"submit\">Submit<\/button><\/div><\/form><\/div>\n\n\n\n\n\n<div class=\"wp-block-media-text is-stacked-on-mobile\"><figure class=\"wp-block-media-text__media\"><\/figure><div class=\"wp-block-media-text__content\">\n<p><\/p>\n<\/div><\/div>\n\n\n","protected":false},"excerpt":{"rendered":"<p>Envie de nous rejoindre pour rouler ou marcher ensemble? Il suffit de t\u00e9l\u00e9charger et compl\u00e9ter le bulletin d&rsquo;affiliation ci-dessous. Tu nous le retourne ensuite par e-mail \u00e0 l&rsquo;adresse : secretariat@latinoroad.be . Notre comit\u00e9 reprendra contact avec toi dans les meilleurs d\u00e9lais apr\u00e8s r\u00e9ception de ta demande d&rsquo;affiliation. Tu as d&rsquo;autres questions par rapport aux activit\u00e9s [&hellip;]<\/p>\n","protected":false},"author":1,"featured_media":0,"parent":0,"menu_order":0,"comment_status":"closed","ping_status":"closed","template":"","meta":{"_themeisle_gutenberg_block_has_review":false,"footnotes":""},"class_list":["post-49","page","type-page","status-publish","hentry"],"_links":{"self":[{"href":"https:\/\/latinoroad.be\/index.php\/wp-json\/wp\/v2\/pages\/49","targetHints":{"allow":["GET"]}}],"collection":[{"href":"https:\/\/latinoroad.be\/index.php\/wp-json\/wp\/v2\/pages"}],"about":[{"href":"https:\/\/latinoroad.be\/index.php\/wp-json\/wp\/v2\/types\/page"}],"author":[{"embeddable":true,"href":"https:\/\/latinoroad.be\/index.php\/wp-json\/wp\/v2\/users\/1"}],"replies":[{"embeddable":true,"href":"https:\/\/latinoroad.be\/index.php\/wp-json\/wp\/v2\/comments?post=49"}],"version-history":[{"count":14,"href":"https:\/\/latinoroad.be\/index.php\/wp-json\/wp\/v2\/pages\/49\/revisions"}],"predecessor-version":[{"id":218,"href":"https:\/\/latinoroad.be\/index.php\/wp-json\/wp\/v2\/pages\/49\/revisions\/218"}],"wp:attachment":[{"href":"https:\/\/latinoroad.be\/index.php\/wp-json\/wp\/v2\/media?parent=49"}],"curies":[{"name":"wp","href":"https:\/\/api.w.org\/{rel}","templated":true}]}}