{"id":5,"date":"2023-09-22T20:41:24","date_gmt":"2023-09-22T18:41:24","guid":{"rendered":"https:\/\/latinoroad.be\/index.php\/mesmerize\/"},"modified":"2026-02-16T21:28:42","modified_gmt":"2026-02-16T20:28:42","slug":"accueil","status":"publish","type":"page","link":"https:\/\/latinoroad.be\/","title":{"rendered":"Accueil"},"content":{"rendered":"\n<p>Bienvenue sur notre nouveau site internet. Nous avons profit\u00e9 d&rsquo;un changement d&rsquo;h\u00e9bergeur afin de refaire notre site. De nombreuses fonctionnalit\u00e9s seront ajout\u00e9es au fur et \u00e0 mesure du temps. <\/p>\n\n\n\n<p><\/p>\n\n\n\n<p>Nous pouvons d\u00e9j\u00e0 vous annoncer l&rsquo;organisation de notre prochaine randonn\u00e9e qui aura lieu le dimanche 12 avril 2026 au d\u00e9part de la brasserie des Carri\u00e8res \u00e0 Bas\u00e8cles(Hainaut).<\/p>\n\n\n\n<div id=\"wp-block-themeisle-blocks-slider-6f10c8b6\" class=\"wp-block-themeisle-blocks-slider alignfull glide\" data-per-view=\"1\" data-gap=\"0\" data-peek=\"0\" data-autoplay=\"3000\" data-height=\"600px\" data-hide-arrows=\"false\"><div class=\"glide__track\" data-glide-el=\"track\"><div class=\"glide__slides\"><div class=\"wp-block-themeisle-blocks-slider-item-wrapper glide__slide\" tabindex=\"0\"><figure><img decoding=\"async\" class=\"wp-block-themeisle-blocks-slider-item\" src=\"https:\/\/latinoroad.be\/wp-content\/uploads\/2026\/02\/Randiole2026-face-velo-frout-v4.jpg\" alt=\"\" title=\"\" data-id=\"212\"\/><\/figure><\/div><div class=\"wp-block-themeisle-blocks-slider-item-wrapper glide__slide\" tabindex=\"0\"><figure><img decoding=\"async\" class=\"wp-block-themeisle-blocks-slider-item\" src=\"https:\/\/latinoroad.be\/wp-content\/uploads\/2026\/02\/Randiole2026-face-marche-frout-v2-HQ.jpg\" alt=\"\" title=\"\" data-id=\"211\"\/><\/figure><\/div><\/div><div class=\"glide__bullets\" data-glide-el=\"controls[nav]\"><button class=\"glide__bullet\" data-glide-dir=\"=0\"><\/button><button class=\"glide__bullet\" data-glide-dir=\"=1\"><\/button><\/div><\/div><\/div>\n\n\n\n<div style=\"height:56px\" aria-hidden=\"true\" class=\"wp-block-spacer\"><\/div>\n\n\n\n<p>Rendez-vous en 2026 \u00e0 la brasserie des Carri\u00e8res (Brasserie Di\u00f4le) situ\u00e9e Rue de Cond\u00e9, 62 \u00e0 7973 Bas\u00e8cles. L&rsquo;ouverture des parcours se fera \u00e0 partir de 7h.<\/p>\n\n\n<div style=\"height:500pxpx;\" class=\"wp-block-themeisle-blocks-leaflet-map\" id=\"wp-block-themeisle-blocks-leaflet-map-be84c961\"><\/div>\n<script type=\"text\/javascript\">\n\t\/* <![CDATA[ *\/\n\t\tif ( ! window.themeisleLeafletMaps ) window.themeisleLeafletMaps =[];\n\t\twindow.themeisleLeafletMaps.push( { container: \"wp-block-themeisle-blocks-leaflet-map-be84c961\", attributes: {\"id\":\"wp-block-themeisle-blocks-leaflet-map-be84c961\",\"latitude\":\"50.501199132933344\",\"longitude\":\"3.6972698586169326\",\"bbox\":\"3.1874084472656254,50.39188559752665,4.207077026367188,50.610260241730366\",\"zoom\":11,\"height\":\"500px\",\"markers\":[{\"id\":\"7f1bcfc9-9823-4d1d-b1cf-720d711e8e8c\",\"latitude\":50.520821470694486,\"longitude\":3.6465381614475505,\"title\":\"Randiole du Latino Road\",\"description\":\"\"}],\"location\":\"La Sagrada Familia, Barcelona, Spain\",\"zoomControl\":true,\"draggable\":true,\"hasCustomCSS\":false,\"customCSS\":\"\",\"otterConditions\":[]} } );\n\t\/* ]]> *\/\n<\/script>\n\n\n\n<p>La randi\u00f4le 2026 se d\u00e9roulera dans :<\/p>\n\n\n\n<div id=\"wp-block-themeisle-blocks-countdown-bebdc057\" data-date=\"2026-04-12T07:30:00\" class=\"wp-block-themeisle-blocks-countdown\"><div class=\"otter-countdown__container\"><div class=\"otter-countdown__display\"><div name=\"day\" class=\"otter-countdown__display-area is-main-component\"><div class=\"otter-countdown__value\">0<\/div><div class=\"otter-countdown__label\">Day<\/div><\/div><div name=\"hour\" class=\"otter-countdown__display-area is-main-component\"><div class=\"otter-countdown__value\">0<\/div><div class=\"otter-countdown__label\">Hour<\/div><\/div><div name=\"minute\" class=\"otter-countdown__display-area is-main-component\"><div class=\"otter-countdown__value\">0<\/div><div class=\"otter-countdown__label\">Minute<\/div><\/div><div name=\"second\" class=\"otter-countdown__display-area is-main-component\"><div class=\"otter-countdown__value\">0<\/div><div class=\"otter-countdown__label\">Second<\/div><\/div><\/div><\/div><\/div>\n\n\n\n<ul class=\"wp-block-social-links aligncenter has-large-icon-size has-visible-labels is-style-pill-shape is-content-justification-center is-layout-flex wp-container-core-social-links-is-layout-a89b3969 wp-block-social-links-is-layout-flex\"><li class=\"wp-social-link wp-social-link-facebook  wp-block-social-link\"><a rel=\"noopener nofollow\" target=\"_blank\" href=\"https:\/\/www.facebook.com\/Latinoroadofficiel\/\" class=\"wp-block-social-link-anchor\"><svg width=\"24\" height=\"24\" viewBox=\"0 0 24 24\" version=\"1.1\" xmlns=\"http:\/\/www.w3.org\/2000\/svg\" aria-hidden=\"true\" focusable=\"false\"><path d=\"M12 2C6.5 2 2 6.5 2 12c0 5 3.7 9.1 8.4 9.9v-7H7.9V12h2.5V9.8c0-2.5 1.5-3.9 3.8-3.9 1.1 0 2.2.2 2.2.2v2.5h-1.3c-1.2 0-1.6.8-1.6 1.6V12h2.8l-.4 2.9h-2.3v7C18.3 21.1 22 17 22 12c0-5.5-4.5-10-10-10z\"><\/path><\/svg><span class=\"wp-block-social-link-label\">Latino Road sur Facebook<\/span><\/a><\/li><\/ul>\n","protected":false},"excerpt":{"rendered":"<p>Bienvenue sur notre nouveau site internet. Nous avons profit\u00e9 d&rsquo;un changement d&rsquo;h\u00e9bergeur afin de refaire notre site. De nombreuses fonctionnalit\u00e9s seront ajout\u00e9es au fur et \u00e0 mesure du temps. Nous pouvons d\u00e9j\u00e0 vous annoncer l&rsquo;organisation de notre prochaine randonn\u00e9e qui aura lieu le dimanche 12 avril 2026 au d\u00e9part de la brasserie des Carri\u00e8res \u00e0 [&hellip;]<\/p>\n","protected":false},"author":1,"featured_media":0,"parent":0,"menu_order":1,"comment_status":"closed","ping_status":"closed","template":"template-plain","meta":{"_themeisle_gutenberg_block_has_review":false,"footnotes":""},"class_list":["post-5","page","type-page","status-publish","hentry"],"_links":{"self":[{"href":"https:\/\/latinoroad.be\/index.php\/wp-json\/wp\/v2\/pages\/5","targetHints":{"allow":["GET"]}}],"collection":[{"href":"https:\/\/latinoroad.be\/index.php\/wp-json\/wp\/v2\/pages"}],"about":[{"href":"https:\/\/latinoroad.be\/index.php\/wp-json\/wp\/v2\/types\/page"}],"author":[{"embeddable":true,"href":"https:\/\/latinoroad.be\/index.php\/wp-json\/wp\/v2\/users\/1"}],"replies":[{"embeddable":true,"href":"https:\/\/latinoroad.be\/index.php\/wp-json\/wp\/v2\/comments?post=5"}],"version-history":[{"count":50,"href":"https:\/\/latinoroad.be\/index.php\/wp-json\/wp\/v2\/pages\/5\/revisions"}],"predecessor-version":[{"id":213,"href":"https:\/\/latinoroad.be\/index.php\/wp-json\/wp\/v2\/pages\/5\/revisions\/213"}],"wp:attachment":[{"href":"https:\/\/latinoroad.be\/index.php\/wp-json\/wp\/v2\/media?parent=5"}],"curies":[{"name":"wp","href":"https:\/\/api.w.org\/{rel}","templated":true}]}}